{"id":59,"date":"2017-04-24T16:50:54","date_gmt":"2017-04-24T16:50:54","guid":{"rendered":"http:\/\/arxmusical-massague.com\/?page_id=59"},"modified":"2017-06-03T14:41:29","modified_gmt":"2017-06-03T14:41:29","slug":"articles-diversos","status":"publish","type":"page","link":"http:\/\/arxmusical-massague.com\/massague\/?page_id=59","title":{"rendered":"Articles diversos"},"content":{"rendered":"<p><a href=\"http:\/\/arxmusical-massague.com\/wp-content\/uploads\/2017\/04\/noticies_IN-0001.pdf\" target=\"_blank\" rel=\"noopener noreferrer\">Locucions i frases fetes, de car\u00e0cter figurat, fonamentades en la terminologia musical<\/a><\/p>\n<p><a href=\"http:\/\/arxmusical-massague.com\/wp-content\/uploads\/2017\/04\/noticies_IN-0002.pdf\" target=\"_blank\" rel=\"noopener noreferrer\">Gaud\u00ed, vist pel compositor Rom\u00e0 Al\u00eds<\/a><\/p>\n<p><a href=\"http:\/\/arxmusical-massague.com\/wp-content\/uploads\/2017\/04\/noticies_D-0003.pdf\" target=\"_blank\" rel=\"noopener noreferrer\">Els Festivals Wagner a Barcelona i el seu impacte<\/a><\/p>\n<p><a href=\"http:\/\/arxmusical-massague.com\/wp-content\/uploads\/2017\/04\/noticies_D-0004.pdf\" target=\"_blank\" rel=\"noopener noreferrer\">L&#8217;Orgue a la societat civil<\/a><\/p>\n<p>&nbsp;<\/p>\n<div class=\"pdfprnt-buttons pdfprnt-buttons-page pdfprnt-bottom-right\"><a href=\"http:\/\/arxmusical-massague.com\/massague\/index.php?rest_route=%2Fwp%2Fv2%2Fpages%2F59&print=pdf\" class=\"pdfprnt-button pdfprnt-button-pdf\" target=\"_blank\" ><img decoding=\"async\" src=\"http:\/\/arxmusical-massague.com\/massague\/wp-content\/plugins\/pdf-print\/images\/pdf.png\" alt=\"image_pdf\" title=\"Download PDF\" \/><span class=\"pdfprnt-button-title pdfprnt-button-pdf-title\">Descarregar PDF<\/span><\/a><a href=\"http:\/\/arxmusical-massague.com\/massague\/index.php?rest_route=%2Fwp%2Fv2%2Fpages%2F59&print=print\" class=\"pdfprnt-button pdfprnt-button-print\" target=\"_blank\" ><\/a><\/div>","protected":false},"excerpt":{"rendered":"","protected":false},"author":1,"featured_media":149,"parent":0,"menu_order":0,"comment_status":"closed","ping_status":"closed","template":"","meta":{"footnotes":""},"class_list":["post-59","page","type-page","status-publish","has-post-thumbnail","hentry"],"_links":{"self":[{"href":"http:\/\/arxmusical-massague.com\/massague\/index.php?rest_route=\/wp\/v2\/pages\/59","targetHints":{"allow":["GET"]}}],"collection":[{"href":"http:\/\/arxmusical-massague.com\/massague\/index.php?rest_route=\/wp\/v2\/pages"}],"about":[{"href":"http:\/\/arxmusical-massague.com\/massague\/index.php?rest_route=\/wp\/v2\/types\/page"}],"author":[{"embeddable":true,"href":"http:\/\/arxmusical-massague.com\/massague\/index.php?rest_route=\/wp\/v2\/users\/1"}],"replies":[{"embeddable":true,"href":"http:\/\/arxmusical-massague.com\/massague\/index.php?rest_route=%2Fwp%2Fv2%2Fcomments&post=59"}],"version-history":[{"count":4,"href":"http:\/\/arxmusical-massague.com\/massague\/index.php?rest_route=\/wp\/v2\/pages\/59\/revisions"}],"predecessor-version":[{"id":6479,"href":"http:\/\/arxmusical-massague.com\/massague\/index.php?rest_route=\/wp\/v2\/pages\/59\/revisions\/6479"}],"wp:featuredmedia":[{"embeddable":true,"href":"http:\/\/arxmusical-massague.com\/massague\/index.php?rest_route=\/wp\/v2\/media\/149"}],"wp:attachment":[{"href":"http:\/\/arxmusical-massague.com\/massague\/index.php?rest_route=%2Fwp%2Fv2%2Fmedia&parent=59"}],"curies":[{"name":"wp","href":"https:\/\/api.w.org\/{rel}","templated":true}]}}